{"id":413,"date":"2023-03-27T18:28:35","date_gmt":"2023-03-27T21:28:35","guid":{"rendered":"https:\/\/beneficio.hackeandoconsignado.com.br\/?page_id=413"},"modified":"2026-01-19T16:44:13","modified_gmt":"2026-01-19T19:44:13","slug":"obrigado","status":"publish","type":"page","link":"https:\/\/beneficio.agenciahacke.com.br\/index.php\/obrigado\/","title":{"rendered":"Obrigado"},"content":{"rendered":"\t\t<div data-elementor-type=\"wp-page\" data-elementor-id=\"413\" class=\"elementor elementor-413\" data-elementor-post-type=\"page\">\n\t\t\t\t<div class=\"elementor-element elementor-element-1298d5bb e-flex e-con-boxed e-con e-parent\" data-id=\"1298d5bb\" data-element_type=\"container\" data-settings=\"{&quot;background_background&quot;:&quot;classic&quot;}\">\n\t\t\t\t\t<div class=\"e-con-inner\">\n\t\t<div class=\"elementor-element elementor-element-687a62a6 e-con-full e-flex e-con e-child\" data-id=\"687a62a6\" data-element_type=\"container\">\n\t\t\t\t<div class=\"elementor-element elementor-element-29c71e75 elementor-widget elementor-widget-theme-site-logo elementor-widget-image\" data-id=\"29c71e75\" data-element_type=\"widget\" data-widget_type=\"theme-site-logo.default\">\n\t\t\t\t<div class=\"elementor-widget-container\">\n\t\t\t\t\t\t\t\t\t\t\t<a href=\"https:\/\/beneficio.agenciahacke.com.br\">\n\t\t\t<img decoding=\"async\" width=\"364\" height=\"100\" src=\"https:\/\/beneficio.agenciahacke.com.br\/wp-content\/uploads\/2023\/03\/logo-hacke-branco.webp\" class=\"attachment-full size-full wp-image-30\" alt=\"\" srcset=\"https:\/\/beneficio.agenciahacke.com.br\/wp-content\/uploads\/2023\/03\/logo-hacke-branco.webp 364w, https:\/\/beneficio.agenciahacke.com.br\/wp-content\/uploads\/2023\/03\/logo-hacke-branco-300x82.webp 300w\" sizes=\"(max-width: 364px) 100vw, 364px\" \/>\t\t\t\t<\/a>\n\t\t\t\t\t\t\t\t\t\t\t<\/div>\n\t\t\t\t<\/div>\n\t\t\t\t<\/div>\n\t\t<div class=\"elementor-element elementor-element-507de96 e-con-full e-flex e-con e-child\" data-id=\"507de96\" data-element_type=\"container\">\n\t\t\t\t<div class=\"elementor-element elementor-element-7221a54e e-grid-align-right e-grid-align-tablet-center elementor-shape-rounded elementor-grid-0 elementor-widget elementor-widget-social-icons\" data-id=\"7221a54e\" data-element_type=\"widget\" data-widget_type=\"social-icons.default\">\n\t\t\t\t<div class=\"elementor-widget-container\">\n\t\t\t\t\t\t\t<div class=\"elementor-social-icons-wrapper elementor-grid\" role=\"list\">\n\t\t\t\t\t\t\t<span class=\"elementor-grid-item\" role=\"listitem\">\n\t\t\t\t\t<a class=\"elementor-icon elementor-social-icon elementor-social-icon-facebook elementor-repeater-item-e8fecdd\" target=\"_blank\">\n\t\t\t\t\t\t<span class=\"elementor-screen-only\">Facebook<\/span>\n\t\t\t\t\t\t<i aria-hidden=\"true\" class=\"fab fa-facebook\"><\/i>\t\t\t\t\t<\/a>\n\t\t\t\t<\/span>\n\t\t\t\t\t\t\t<span class=\"elementor-grid-item\" role=\"listitem\">\n\t\t\t\t\t<a class=\"elementor-icon elementor-social-icon elementor-social-icon-instagram elementor-repeater-item-18cb55b\" target=\"_blank\">\n\t\t\t\t\t\t<span class=\"elementor-screen-only\">Instagram<\/span>\n\t\t\t\t\t\t<i aria-hidden=\"true\" class=\"fab fa-instagram\"><\/i>\t\t\t\t\t<\/a>\n\t\t\t\t<\/span>\n\t\t\t\t\t\t\t<span class=\"elementor-grid-item\" role=\"listitem\">\n\t\t\t\t\t<a class=\"elementor-icon elementor-social-icon elementor-social-icon-linkedin elementor-repeater-item-d630ca4\" target=\"_blank\">\n\t\t\t\t\t\t<span class=\"elementor-screen-only\">Linkedin<\/span>\n\t\t\t\t\t\t<i aria-hidden=\"true\" class=\"fab fa-linkedin\"><\/i>\t\t\t\t\t<\/a>\n\t\t\t\t<\/span>\n\t\t\t\t\t<\/div>\n\t\t\t\t\t\t<\/div>\n\t\t\t\t<\/div>\n\t\t\t\t<\/div>\n\t\t\t\t\t<\/div>\n\t\t\t\t<\/div>\n\t\t<div class=\"elementor-element elementor-element-6dcd63d3 e-flex e-con-boxed e-con e-parent\" data-id=\"6dcd63d3\" data-element_type=\"container\" data-settings=\"{&quot;background_background&quot;:&quot;classic&quot;}\">\n\t\t\t\t\t<div class=\"e-con-inner\">\n\t\t<div class=\"elementor-element elementor-element-1d2ae67e e-con-full e-flex e-con e-child\" data-id=\"1d2ae67e\" data-element_type=\"container\">\n\t\t\t\t<div class=\"elementor-element elementor-element-386c2bc8 elementor-widget__width-initial elementor-widget elementor-widget-elementskit-heading\" data-id=\"386c2bc8\" data-element_type=\"widget\" data-widget_type=\"elementskit-heading.default\">\n\t\t\t\t<div class=\"elementor-widget-container\">\n\t\t\t\t\t<div class=\"ekit-wid-con\" ><div class=\"ekit-heading elementskit-section-title-wraper text_center   ekit_heading_tablet-   ekit_heading_mobile-\"><h2 class=\"ekit-heading--title elementskit-section-title \">Agradecemos a prefer\u00eancia!<\/h2>\t\t\t\t<div class='ekit-heading__description'>\n\t\t\t\t\t<p>Em breve, um de nossos especialistas ir\u00e1 entrar em contato com voc\u00ea.<\/p>\n\t\t\t\t<\/div>\n\t\t\t<\/div><\/div>\t\t\t\t<\/div>\n\t\t\t\t<\/div>\n\t\t\t\t<div class=\"elementor-element elementor-element-27dddd49 elementor-widget elementor-widget-heading\" data-id=\"27dddd49\" data-element_type=\"widget\" data-widget_type=\"heading.default\">\n\t\t\t\t<div class=\"elementor-widget-container\">\n\t\t\t\t\t<h2 class=\"elementor-heading-title elementor-size-default\">Se ficou com alguma d\u00favida,<br>fale com a gente!<\/h2>\t\t\t\t<\/div>\n\t\t\t\t<\/div>\n\t\t\t\t<div class=\"elementor-element elementor-element-6739c9c8 elementor-mobile-align-center elementor-widget__width-initial elementor-icon-list--layout-traditional elementor-list-item-link-full_width elementor-widget elementor-widget-icon-list\" data-id=\"6739c9c8\" data-element_type=\"widget\" data-widget_type=\"icon-list.default\">\n\t\t\t\t<div class=\"elementor-widget-container\">\n\t\t\t\t\t\t\t<ul class=\"elementor-icon-list-items\">\n\t\t\t\t\t\t\t<li class=\"elementor-icon-list-item\">\n\t\t\t\t\t\t\t\t\t\t\t<span class=\"elementor-icon-list-icon\">\n\t\t\t\t\t\t\t<i aria-hidden=\"true\" class=\"icon icon-email1\"><\/i>\t\t\t\t\t\t<\/span>\n\t\t\t\t\t\t\t\t\t\t<span class=\"elementor-icon-list-text\">contato@suaempresa.com.br<\/span>\n\t\t\t\t\t\t\t\t\t<\/li>\n\t\t\t\t\t\t\t\t<li class=\"elementor-icon-list-item\">\n\t\t\t\t\t\t\t\t\t\t\t<span class=\"elementor-icon-list-icon\">\n\t\t\t\t\t\t\t<i aria-hidden=\"true\" class=\"icon icon-phone\"><\/i>\t\t\t\t\t\t<\/span>\n\t\t\t\t\t\t\t\t\t\t<span class=\"elementor-icon-list-text\">(19) 54321-9876<\/span>\n\t\t\t\t\t\t\t\t\t<\/li>\n\t\t\t\t\t\t\t\t<li class=\"elementor-icon-list-item\">\n\t\t\t\t\t\t\t\t\t\t\t<span class=\"elementor-icon-list-icon\">\n\t\t\t\t\t\t\t<i aria-hidden=\"true\" class=\"icon icon-smartphone2\"><\/i>\t\t\t\t\t\t<\/span>\n\t\t\t\t\t\t\t\t\t\t<span class=\"elementor-icon-list-text\">(19) 98765-4321<\/span>\n\t\t\t\t\t\t\t\t\t<\/li>\n\t\t\t\t\t\t<\/ul>\n\t\t\t\t\t\t<\/div>\n\t\t\t\t<\/div>\n\t\t\t\t<\/div>\n\t\t<div class=\"elementor-element elementor-element-2e09e3f0 e-con-full e-flex e-con e-child\" data-id=\"2e09e3f0\" data-element_type=\"container\">\n\t\t\t\t<div class=\"elementor-element elementor-element-64b4998b elementor-widget elementor-widget-image\" data-id=\"64b4998b\" data-element_type=\"widget\" data-widget_type=\"image.default\">\n\t\t\t\t<div class=\"elementor-widget-container\">\n\t\t\t\t\t\t\t\t\t\t\t\t\t\t\t<img fetchpriority=\"high\" decoding=\"async\" width=\"1000\" height=\"923\" src=\"https:\/\/beneficio.agenciahacke.com.br\/wp-content\/uploads\/2024\/01\/Contatov2-copiar.webp\" class=\"attachment-large size-large wp-image-524\" alt=\"\" srcset=\"https:\/\/beneficio.agenciahacke.com.br\/wp-content\/uploads\/2024\/01\/Contatov2-copiar.webp 1000w, https:\/\/beneficio.agenciahacke.com.br\/wp-content\/uploads\/2024\/01\/Contatov2-copiar-300x277.webp 300w, https:\/\/beneficio.agenciahacke.com.br\/wp-content\/uploads\/2024\/01\/Contatov2-copiar-768x709.webp 768w\" sizes=\"(max-width: 1000px) 100vw, 1000px\" \/>\t\t\t\t\t\t\t\t\t\t\t\t\t\t\t<\/div>\n\t\t\t\t<\/div>\n\t\t\t\t<\/div>\n\t\t\t\t\t<\/div>\n\t\t\t\t<\/div>\n\t\t<div class=\"elementor-element elementor-element-20e8d0a9 e-flex e-con-boxed e-con e-parent\" data-id=\"20e8d0a9\" data-element_type=\"container\" data-settings=\"{&quot;background_background&quot;:&quot;classic&quot;}\">\n\t\t\t\t\t<div class=\"e-con-inner\">\n\t\t<div class=\"elementor-element elementor-element-5c81772b e-con-full e-flex e-con e-child\" data-id=\"5c81772b\" data-element_type=\"container\">\n\t\t\t\t<div class=\"elementor-element elementor-element-55c7f9e elementor-widget elementor-widget-global elementor-global-568 elementor-widget-heading\" data-id=\"55c7f9e\" data-element_type=\"widget\" data-widget_type=\"heading.default\">\n\t\t\t\t<div class=\"elementor-widget-container\">\n\t\t\t\t\t<h2 class=\"elementor-heading-title elementor-size-default\"><a href=\"https:\/\/beneficio.agenciahacke.com.br\/index.php\/politica-de-privacidade\/\" target=\"_blank\">Pol\u00edtica de privacidade<\/a><\/h2>\t\t\t\t<\/div>\n\t\t\t\t<\/div>\n\t\t\t\t<\/div>\n\t\t<div class=\"elementor-element elementor-element-703c838f e-con-full e-flex e-con e-child\" data-id=\"703c838f\" data-element_type=\"container\">\n\t\t\t\t<div class=\"elementor-element elementor-element-7550ef7 elementor-widget elementor-widget-global elementor-global-571 elementor-widget-heading\" data-id=\"7550ef7\" data-element_type=\"widget\" data-widget_type=\"heading.default\">\n\t\t\t\t<div class=\"elementor-widget-container\">\n\t\t\t\t\t<h2 class=\"elementor-heading-title elementor-size-default\"><a href=\"https:\/\/beneficio.agenciahacke.com.br\/index.php\/termos-e-condicoes\/\" target=\"_blank\">Termos e Condi\u00e7\u00f5es<\/a><\/h2>\t\t\t\t<\/div>\n\t\t\t\t<\/div>\n\t\t\t\t<\/div>\n\t\t\t\t<div class=\"elementor-element elementor-element-5e21cb4 elementor-widget__width-initial elementor-widget elementor-widget-global elementor-global-578 elementor-widget-text-editor\" data-id=\"5e21cb4\" data-element_type=\"widget\" data-widget_type=\"text-editor.default\">\n\t\t\t\t<div class=\"elementor-widget-container\">\n\t\t\t\t\t\t\t\t\t<p>O site hackeandoconsignado.com.br pertence \u00e0 Ag\u00eancia Hacke, CNPJ: 12.345.678\/0001-90. Para entrar em contato, utilize o e-mail: adm@hackeandoconsignado.com.br.\u00a0 Como correspondente banc\u00e1rio, seguimos as diretrizes da Resolu\u00e7\u00e3o n\u00ba 3.954 do Banco Central do Brasil, e apenas intermediamos as opera\u00e7\u00f5es de cr\u00e9dito, entre os usu\u00e1rios e os bancos parceiros. A an\u00e1lise de cr\u00e9dito e a libera\u00e7\u00e3o do valor na conta do cliente \u00e9 feita \u00fanica e exclusivamente pelos bancos parceiros.\u00a0<\/p><p>\u00a0<\/p><p>N\u00e3o exigimos dep\u00f3sitos ou cobramos taxas antecipadas na realiza\u00e7\u00e3o de qualquer opera\u00e7\u00e3o de cr\u00e9dito ou financiamento.\u00a0Lembre-se: Utilize seu cr\u00e9dito de forma consciente e somente em caso de necessidade. Os produtos oferecidos est\u00e3o sujeitos a altera\u00e7\u00f5es utilizando taxas mais vantajosas para o cliente, a depender de fatores determinados pelos bancos parceiros.<\/p>\t\t\t\t\t\t\t\t<\/div>\n\t\t\t\t<\/div>\n\t\t<div class=\"elementor-element elementor-element-205f87f3 e-con-full e-flex e-con e-child\" data-id=\"205f87f3\" data-element_type=\"container\">\n\t\t\t\t<div class=\"elementor-element elementor-element-6a03aec elementor-widget elementor-widget-global elementor-global-590 elementor-widget-html\" data-id=\"6a03aec\" data-element_type=\"widget\" data-widget_type=\"html.default\">\n\t\t\t\t<div class=\"elementor-widget-container\">\n\t\t\t\t\t<p style=\"font-family: 'Poppins', sans-serif; font-size: 13px; font-weight: 600; color: white;\">\r\n  \u00a9 <span id=\"ano-atual\"><\/span> - Template da Ag\u00eancia Hacke\r\n\r\n<script>\r\n  document.getElementById('ano-atual').innerHTML = new Date().getFullYear();\r\n<\/script>\t\t\t\t<\/div>\n\t\t\t\t<\/div>\n\t\t\t\t<\/div>\n\t\t<div class=\"elementor-element elementor-element-2a06a19e e-con-full e-flex e-con e-child\" data-id=\"2a06a19e\" data-element_type=\"container\">\n\t\t\t\t<div class=\"elementor-element elementor-element-4d572cff elementor-position-right elementor-vertical-align-middle elementor-widget elementor-widget-image-box\" data-id=\"4d572cff\" data-element_type=\"widget\" data-widget_type=\"image-box.default\">\n\t\t\t\t<div class=\"elementor-widget-container\">\n\t\t\t\t\t<div class=\"elementor-image-box-wrapper\"><figure class=\"elementor-image-box-img\"><img decoding=\"async\" width=\"100\" height=\"94\" src=\"https:\/\/beneficio.agenciahacke.com.br\/wp-content\/uploads\/2023\/03\/mini_icone_hc.png\" class=\"attachment-full size-full wp-image-319\" alt=\"\" \/><\/figure><div class=\"elementor-image-box-content\"><p class=\"elementor-image-box-description\">Desenvolvido por:<\/p><\/div><\/div>\t\t\t\t<\/div>\n\t\t\t\t<\/div>\n\t\t\t\t<\/div>\n\t\t\t\t\t<\/div>\n\t\t\t\t<\/div>\n\t\t\t\t<\/div>\n\t\t","protected":false},"excerpt":{"rendered":"<p>Facebook Instagram Linkedin Agradecemos a prefer\u00eancia! Em breve, um de nossos especialistas ir\u00e1 entrar em contato com voc\u00ea. Se ficou com alguma d\u00favida,fale com a gente! contato@suaempresa.com.br (19) 54321-9876 (19) 98765-4321 Pol\u00edtica de privacidade Termos e Condi\u00e7\u00f5es O site hackeandoconsignado.com.br pertence \u00e0 Ag\u00eancia Hacke, CNPJ: 12.345.678\/0001-90. Para entrar em contato, utilize o e-mail: adm@hackeandoconsignado.com.br.\u00a0 Como &#8230; <a title=\"Obrigado\" class=\"read-more\" href=\"https:\/\/beneficio.agenciahacke.com.br\/index.php\/obrigado\/\" aria-label=\"Read more about Obrigado\">Ler mais<\/a><\/p>\n","protected":false},"author":1,"featured_media":0,"parent":0,"menu_order":0,"comment_status":"closed","ping_status":"closed","template":"elementor_canvas","meta":{"_joinchat":[],"footnotes":""},"class_list":["post-413","page","type-page","status-publish"],"_links":{"self":[{"href":"https:\/\/beneficio.agenciahacke.com.br\/index.php\/wp-json\/wp\/v2\/pages\/413","targetHints":{"allow":["GET"]}}],"collection":[{"href":"https:\/\/beneficio.agenciahacke.com.br\/index.php\/wp-json\/wp\/v2\/pages"}],"about":[{"href":"https:\/\/beneficio.agenciahacke.com.br\/index.php\/wp-json\/wp\/v2\/types\/page"}],"author":[{"embeddable":true,"href":"https:\/\/beneficio.agenciahacke.com.br\/index.php\/wp-json\/wp\/v2\/users\/1"}],"replies":[{"embeddable":true,"href":"https:\/\/beneficio.agenciahacke.com.br\/index.php\/wp-json\/wp\/v2\/comments?post=413"}],"version-history":[{"count":37,"href":"https:\/\/beneficio.agenciahacke.com.br\/index.php\/wp-json\/wp\/v2\/pages\/413\/revisions"}],"predecessor-version":[{"id":605,"href":"https:\/\/beneficio.agenciahacke.com.br\/index.php\/wp-json\/wp\/v2\/pages\/413\/revisions\/605"}],"wp:attachment":[{"href":"https:\/\/beneficio.agenciahacke.com.br\/index.php\/wp-json\/wp\/v2\/media?parent=413"}],"curies":[{"name":"wp","href":"https:\/\/api.w.org\/{rel}","templated":true}]}}